{"id":28,"date":"2023-10-18T14:33:26","date_gmt":"2023-10-18T14:33:26","guid":{"rendered":"https:\/\/staging.rotary-orangen.de\/?page_id=28"},"modified":"2023-10-21T11:35:06","modified_gmt":"2023-10-21T11:35:06","slug":"ueber-rotary","status":"publish","type":"page","link":"https:\/\/staging.rotary-orangen.de\/index.php\/ueber-rotary\/","title":{"rendered":"\u00dcber Rotary"},"content":{"rendered":"<h1>\n<div class=\"uk-position-cover\"><\/div>\n<div class=\"uk-panel uk-width-1-1\">\n<h1 class=\"uk-h2 uk-text-left@m uk-text-center\">\u00dcber Rotary<\/h1>\n<\/div>\n<\/h1>\n<div>\n<div class=\"uk-panel uk-margin-large uk-margin-remove-top uk-width-2xlarge uk-text-left@m uk-text-center\">\n<p>Rotary International, die \u00e4lteste Serviceclub-Organisation der Welt, umfasst mehr als 32.000 Clubs in \u00fcber 200 L\u00e4ndern. Ihre Mitglieder bilden ein Netzwerk von F\u00fchrungskr\u00e4ften, die sich ehrenamtlich in ihren Gemeinden engagieren und auch an der L\u00f6sung internationaler Probleme mitarbeiten.<\/p>\n<p>Schwerpunkte der in den Clubs organisierten 1,2 Mio. Mitgliedern sind die Kampagne Polio Plus zur Ausrottung der Kinderl\u00e4hmung sowie der internationale Jugendaustausch, humanit\u00e4re Hilfe und V\u00f6lkerverst\u00e4ndigung. Pflege der Freundschaft und Zusammenarbeit in gemeinn\u00fctzigen Projekten auf lokaler und internationaler Ebene \u2013 daf\u00fcr steht Rotary weltweit.<\/p>\n<p>Der Rotary Club Worms besteht seit 1957 und engagiert sich seitdem lokal, \u00fcberregional und international mit zahlreichen F\u00f6rderungen z.B. in sozialen und kulturellen Bereichen. Weiterhin ist in unserem Club die Pflege der Freundschaft, der Austausch von Berufserfahrungen, die tolerante Auseinandersetzung mit unterschiedlichen Meinungen und Verhaltungsweisen, die V\u00f6lkerfreundschaft sowie der internationale Jugendaustausch eine stete, br\u00fcckenbauende Aufgabe.<\/p>\n<p>In Worms besteht auch ein Rotaract-Club, der Studenten und junge Berufst\u00e4tige zwischen 18 und 30 Jahren umfasst, die eine von Rotary gef\u00f6rderte Jugendorganisation bilden und eigene Serviceprojekte verfolgen bzw. auch rotarische Projekte unterst\u00fctzen. Es gibt \u00fcber 7.100 Clubs in 163 L\u00e4ndern.<\/p>\n<\/div>\n<\/div>\n<p>\n    <a href=\"#\">Clubwebseite besuchen<\/a>\n<\/p>\n<p><!--more--><br \/>\n<!-- {\"type\":\"layout\",\"children\":[{\"type\":\"section\",\"props\":{\"height\":\"full\",\"image\":\"wp-content\\\/uploads\\\/2023\\\/10\\\/photo-1603455907355-1.jpg\",\"image_effect\":\"fixed\",\"image_focal_point\":\"top-left\",\"image_position\":\"center-left\",\"image_size\":\"height-1-1\",\"overlap\":true,\"padding_remove_horizontal\":true,\"style\":\"default\",\"title_breakpoint\":\"xl\",\"title_position\":\"top-left\",\"title_rotation\":\"left\",\"vertical_align\":\"\",\"width\":\"xlarge\"},\"children\":[{\"type\":\"row\",\"props\":{\"column_gap\":\"small\",\"layout\":\"2-5,3-5\"},\"children\":[{\"type\":\"column\",\"props\":{\"image_effect\":\"fixed\",\"image_focal_point\":\"center-left\",\"image_position\":\"center-left\",\"image_size\":\"height-1-1\",\"position_sticky_breakpoint\":\"m\",\"width_medium\":\"2-5\"}},{\"type\":\"column\",\"props\":{\"image\":\"wp-content\\\/uploads\\\/2023\\\/10\\\/Rotary-Rad-RotaryMoE_PMS-C.svg\",\"image_effect\":\"fixed\",\"image_focal_point\":\"center-right\",\"image_position\":\"center-right\",\"image_size\":\"height-1-1\",\"media_overlay\":\"rgba(255, 255, 255, 0.72)\",\"position_sticky_breakpoint\":\"m\",\"width_medium\":\"3-5\"},\"children\":[{\"type\":\"headline\",\"props\":{\"content\":\"\n\n<div class=\\\"uk-position-cover\\\"><\\\/div>\\n\n\n<div class=\\\"uk-panel uk-width-1-1\\\">\\n\n\n<h1 class=\\\"uk-h2 uk-text-left@m uk-text-center\\\">\\u00dcber Rotary<\\\/h1>\\n<\\\/div>\",\"title_element\":\"h1\"}},{\"type\":\"text\",\"props\":{\"column_breakpoint\":\"m\",\"content\":\"\n\n<div class=\\\"uk-panel uk-margin-large uk-margin-remove-top uk-width-2xlarge uk-text-left@m uk-text-center\\\">\\n\n\n<p>Rotary International, die \\u00e4lteste Serviceclub-Organisation der Welt, umfasst mehr als 32.000 Clubs in \\u00fcber 200 L\\u00e4ndern. Ihre Mitglieder bilden ein Netzwerk von F\\u00fchrungskr\\u00e4ften, die sich ehrenamtlich in ihren Gemeinden engagieren und auch an der L\\u00f6sung internationaler Probleme mitarbeiten.<\\\/p>\\n\n\n<p>Schwerpunkte der in den Clubs organisierten 1,2 Mio. Mitgliedern sind die Kampagne Polio Plus zur Ausrottung der Kinderl\\u00e4hmung sowie der internationale Jugendaustausch, humanit\\u00e4re Hilfe und V\\u00f6lkerverst\\u00e4ndigung. Pflege der Freundschaft und Zusammenarbeit in gemeinn\\u00fctzigen Projekten auf lokaler und internationaler Ebene \\u2013 daf\\u00fcr steht Rotary weltweit.<\\\/p>\\n\n\n<p>Der Rotary Club Worms besteht seit 1957 und engagiert sich seitdem lokal, \\u00fcberregional und international mit zahlreichen F\\u00f6rderungen z.B. in sozialen und kulturellen Bereichen. Weiterhin ist in unserem Club die Pflege der Freundschaft, der Austausch von Berufserfahrungen, die tolerante Auseinandersetzung mit unterschiedlichen Meinungen und Verhaltungsweisen, die V\\u00f6lkerfreundschaft sowie der internationale Jugendaustausch eine stete, br\\u00fcckenbauende Aufgabe.<\\\/p>\\n\n\n<p>In Worms besteht auch ein Rotaract-Club, der Studenten und junge Berufst\\u00e4tige zwischen 18 und 30 Jahren umfasst, die eine von Rotary gef\\u00f6rderte Jugendorganisation bilden und eigene Serviceprojekte verfolgen bzw. auch rotarische Projekte unterst\\u00fctzen. Es gibt \\u00fcber 7.100 Clubs in 163 L\\u00e4ndern.<\\\/p>\\n<\\\/div>\",\"margin\":\"default\",\"maxwidth\":\"2xlarge\",\"text_align\":\"left\"}},{\"type\":\"button\",\"props\":{\"grid_column_gap\":\"\",\"grid_row_gap\":\"\",\"margin\":\"default\"},\"children\":[{\"type\":\"button_item\",\"props\":{\"button_style\":\"primary\",\"content\":\"Clubwebseite besuchen\",\"icon_align\":\"left\",\"link\":\"#\",\"link_target\":\"blank\"}}]}]}]}]}],\"version\":\"4.1.3\"} --><\/p>\n","protected":false},"excerpt":{"rendered":"<p>\u00dcber Rotary Rotary International, die \u00e4lteste Serviceclub-Organisation der Welt, umfasst mehr als 32.000 Clubs in \u00fcber 200 L\u00e4ndern. Ihre Mitglieder bilden ein Netzwerk von F\u00fchrungskr\u00e4ften, die sich ehrenamtlich in ihren Gemeinden engagieren und auch an der L\u00f6sung internationaler Probleme mitarbeiten. Schwerpunkte der in den Clubs organisierten 1,2 Mio. Mitgliedern sind die Kampagne Polio Plus zur [&hellip;]<\/p>\n","protected":false},"author":2,"featured_media":0,"parent":0,"menu_order":0,"comment_status":"closed","ping_status":"closed","template":"","meta":{"footnotes":""},"class_list":["post-28","page","type-page","status-publish","hentry"],"yoast_head":"<!-- This site is optimized with the Yoast SEO plugin v21.4 - https:\/\/yoast.com\/wordpress\/plugins\/seo\/ -->\n<title>\u00dcber Rotary - Staging f\u00fcr Orangen<\/title>\n<meta name=\"robots\" content=\"index, follow, max-snippet:-1, max-image-preview:large, max-video-preview:-1\" \/>\n<link rel=\"canonical\" href=\"https:\/\/staging.rotary-orangen.de\/index.php\/ueber-rotary\/\" \/>\n<meta property=\"og:locale\" content=\"de_DE\" \/>\n<meta property=\"og:type\" content=\"article\" \/>\n<meta property=\"og:title\" content=\"\u00dcber Rotary - Staging f\u00fcr Orangen\" \/>\n<meta property=\"og:description\" content=\"\u00dcber Rotary Rotary International, die \u00e4lteste Serviceclub-Organisation der Welt, umfasst mehr als 32.000 Clubs in \u00fcber 200 L\u00e4ndern. Ihre Mitglieder bilden ein Netzwerk von F\u00fchrungskr\u00e4ften, die sich ehrenamtlich in ihren Gemeinden engagieren und auch an der L\u00f6sung internationaler Probleme mitarbeiten. Schwerpunkte der in den Clubs organisierten 1,2 Mio. Mitgliedern sind die Kampagne Polio Plus zur [&hellip;]\" \/>\n<meta property=\"og:url\" content=\"https:\/\/staging.rotary-orangen.de\/index.php\/ueber-rotary\/\" \/>\n<meta property=\"og:site_name\" content=\"Staging f\u00fcr Orangen\" \/>\n<meta property=\"article:modified_time\" content=\"2023-10-21T11:35:06+00:00\" \/>\n<meta name=\"twitter:card\" content=\"summary_large_image\" \/>\n<script type=\"application\/ld+json\" class=\"yoast-schema-graph\">{\"@context\":\"https:\/\/schema.org\",\"@graph\":[{\"@type\":\"WebPage\",\"@id\":\"https:\/\/staging.rotary-orangen.de\/index.php\/ueber-rotary\/\",\"url\":\"https:\/\/staging.rotary-orangen.de\/index.php\/ueber-rotary\/\",\"name\":\"\u00dcber Rotary - Staging f\u00fcr Orangen\",\"isPartOf\":{\"@id\":\"https:\/\/staging.rotary-orangen.de\/#website\"},\"datePublished\":\"2023-10-18T14:33:26+00:00\",\"dateModified\":\"2023-10-21T11:35:06+00:00\",\"breadcrumb\":{\"@id\":\"https:\/\/staging.rotary-orangen.de\/index.php\/ueber-rotary\/#breadcrumb\"},\"inLanguage\":\"de\",\"potentialAction\":[{\"@type\":\"ReadAction\",\"target\":[\"https:\/\/staging.rotary-orangen.de\/index.php\/ueber-rotary\/\"]}]},{\"@type\":\"BreadcrumbList\",\"@id\":\"https:\/\/staging.rotary-orangen.de\/index.php\/ueber-rotary\/#breadcrumb\",\"itemListElement\":[{\"@type\":\"ListItem\",\"position\":1,\"name\":\"Startseite\",\"item\":\"https:\/\/staging.rotary-orangen.de\/\"},{\"@type\":\"ListItem\",\"position\":2,\"name\":\"\u00dcber Rotary\"}]},{\"@type\":\"WebSite\",\"@id\":\"https:\/\/staging.rotary-orangen.de\/#website\",\"url\":\"https:\/\/staging.rotary-orangen.de\/\",\"name\":\"Orangenspendenaktion des Rotary Club Worms\",\"description\":\"\",\"publisher\":{\"@id\":\"https:\/\/staging.rotary-orangen.de\/#organization\"},\"potentialAction\":[{\"@type\":\"SearchAction\",\"target\":{\"@type\":\"EntryPoint\",\"urlTemplate\":\"https:\/\/staging.rotary-orangen.de\/?s={search_term_string}\"},\"query-input\":\"required name=search_term_string\"}],\"inLanguage\":\"de\"},{\"@type\":\"Organization\",\"@id\":\"https:\/\/staging.rotary-orangen.de\/#organization\",\"name\":\"Rotary Club Worms\",\"url\":\"https:\/\/staging.rotary-orangen.de\/\",\"logo\":{\"@type\":\"ImageObject\",\"inLanguage\":\"de\",\"@id\":\"https:\/\/staging.rotary-orangen.de\/#\/schema\/logo\/image\/\",\"url\":\"https:\/\/staging.rotary-orangen.de\/wp-content\/uploads\/2023\/10\/Logo_RC_Worms.svg\",\"contentUrl\":\"https:\/\/staging.rotary-orangen.de\/wp-content\/uploads\/2023\/10\/Logo_RC_Worms.svg\",\"width\":1,\"height\":1,\"caption\":\"Rotary Club Worms\"},\"image\":{\"@id\":\"https:\/\/staging.rotary-orangen.de\/#\/schema\/logo\/image\/\"}}]}<\/script>\n<!-- \/ Yoast SEO plugin. -->","yoast_head_json":{"title":"\u00dcber Rotary - Staging f\u00fcr Orangen","robots":{"index":"index","follow":"follow","max-snippet":"max-snippet:-1","max-image-preview":"max-image-preview:large","max-video-preview":"max-video-preview:-1"},"canonical":"https:\/\/staging.rotary-orangen.de\/index.php\/ueber-rotary\/","og_locale":"de_DE","og_type":"article","og_title":"\u00dcber Rotary - Staging f\u00fcr Orangen","og_description":"\u00dcber Rotary Rotary International, die \u00e4lteste Serviceclub-Organisation der Welt, umfasst mehr als 32.000 Clubs in \u00fcber 200 L\u00e4ndern. Ihre Mitglieder bilden ein Netzwerk von F\u00fchrungskr\u00e4ften, die sich ehrenamtlich in ihren Gemeinden engagieren und auch an der L\u00f6sung internationaler Probleme mitarbeiten. Schwerpunkte der in den Clubs organisierten 1,2 Mio. Mitgliedern sind die Kampagne Polio Plus zur [&hellip;]","og_url":"https:\/\/staging.rotary-orangen.de\/index.php\/ueber-rotary\/","og_site_name":"Staging f\u00fcr Orangen","article_modified_time":"2023-10-21T11:35:06+00:00","twitter_card":"summary_large_image","schema":{"@context":"https:\/\/schema.org","@graph":[{"@type":"WebPage","@id":"https:\/\/staging.rotary-orangen.de\/index.php\/ueber-rotary\/","url":"https:\/\/staging.rotary-orangen.de\/index.php\/ueber-rotary\/","name":"\u00dcber Rotary - Staging f\u00fcr Orangen","isPartOf":{"@id":"https:\/\/staging.rotary-orangen.de\/#website"},"datePublished":"2023-10-18T14:33:26+00:00","dateModified":"2023-10-21T11:35:06+00:00","breadcrumb":{"@id":"https:\/\/staging.rotary-orangen.de\/index.php\/ueber-rotary\/#breadcrumb"},"inLanguage":"de","potentialAction":[{"@type":"ReadAction","target":["https:\/\/staging.rotary-orangen.de\/index.php\/ueber-rotary\/"]}]},{"@type":"BreadcrumbList","@id":"https:\/\/staging.rotary-orangen.de\/index.php\/ueber-rotary\/#breadcrumb","itemListElement":[{"@type":"ListItem","position":1,"name":"Startseite","item":"https:\/\/staging.rotary-orangen.de\/"},{"@type":"ListItem","position":2,"name":"\u00dcber Rotary"}]},{"@type":"WebSite","@id":"https:\/\/staging.rotary-orangen.de\/#website","url":"https:\/\/staging.rotary-orangen.de\/","name":"Orangenspendenaktion des Rotary Club Worms","description":"","publisher":{"@id":"https:\/\/staging.rotary-orangen.de\/#organization"},"potentialAction":[{"@type":"SearchAction","target":{"@type":"EntryPoint","urlTemplate":"https:\/\/staging.rotary-orangen.de\/?s={search_term_string}"},"query-input":"required name=search_term_string"}],"inLanguage":"de"},{"@type":"Organization","@id":"https:\/\/staging.rotary-orangen.de\/#organization","name":"Rotary Club Worms","url":"https:\/\/staging.rotary-orangen.de\/","logo":{"@type":"ImageObject","inLanguage":"de","@id":"https:\/\/staging.rotary-orangen.de\/#\/schema\/logo\/image\/","url":"https:\/\/staging.rotary-orangen.de\/wp-content\/uploads\/2023\/10\/Logo_RC_Worms.svg","contentUrl":"https:\/\/staging.rotary-orangen.de\/wp-content\/uploads\/2023\/10\/Logo_RC_Worms.svg","width":1,"height":1,"caption":"Rotary Club Worms"},"image":{"@id":"https:\/\/staging.rotary-orangen.de\/#\/schema\/logo\/image\/"}}]}},"_links":{"self":[{"href":"https:\/\/staging.rotary-orangen.de\/index.php\/wp-json\/wp\/v2\/pages\/28","targetHints":{"allow":["GET"]}}],"collection":[{"href":"https:\/\/staging.rotary-orangen.de\/index.php\/wp-json\/wp\/v2\/pages"}],"about":[{"href":"https:\/\/staging.rotary-orangen.de\/index.php\/wp-json\/wp\/v2\/types\/page"}],"author":[{"embeddable":true,"href":"https:\/\/staging.rotary-orangen.de\/index.php\/wp-json\/wp\/v2\/users\/2"}],"replies":[{"embeddable":true,"href":"https:\/\/staging.rotary-orangen.de\/index.php\/wp-json\/wp\/v2\/comments?post=28"}],"version-history":[{"count":9,"href":"https:\/\/staging.rotary-orangen.de\/index.php\/wp-json\/wp\/v2\/pages\/28\/revisions"}],"predecessor-version":[{"id":212,"href":"https:\/\/staging.rotary-orangen.de\/index.php\/wp-json\/wp\/v2\/pages\/28\/revisions\/212"}],"wp:attachment":[{"href":"https:\/\/staging.rotary-orangen.de\/index.php\/wp-json\/wp\/v2\/media?parent=28"}],"curies":[{"name":"wp","href":"https:\/\/api.w.org\/{rel}","templated":true}]}}